{"id":807,"date":"2023-09-07T14:06:44","date_gmt":"2023-09-07T14:06:44","guid":{"rendered":"https:\/\/goldlineskin.com\/?post_type=product&#038;p=807"},"modified":"2025-10-15T17:28:24","modified_gmt":"2025-10-15T17:28:24","slug":"refresh","status":"publish","type":"product","link":"https:\/\/goldlineskin.com\/en\/product\/refresh\/","title":{"rendered":"REFRESH O2"},"content":{"rendered":"<p style=\"font-weight: bold; color: #9c7223; font-size: 24px;\">Awaken your skin with oxygen, energy, and purity.<\/p>\n<p style=\"font-size: 18px; color: #333;\">A pearly pink gel-lotion that cleanses, tones, and deeply hydrates. With plant collagen, ginseng, and green tea to revitalize, improve elasticity, and soothe tired or stressed skin.<\/p>\n<p style=\"font-size: 18px; color: #333;\"><strong>Key benefits:<\/strong><\/p>\n<ul style=\"list-style-type: disc; padding-left: 20px; color: #d8c4a1; font-size: 18px;\">\n<li><span style=\"color: #000;\"><strong>Mejora<\/strong> firmeza e hidrataci\u00f3n.<\/span><\/li>\n<li><span style=\"color: #000;\"><strong>Estimula<\/strong> la microcirculaci\u00f3n y energ\u00eda celular.<\/span><\/li>\n<li><span style=\"color: #000;\">Mejora la<strong> textura y luminosidad.<\/strong><\/span><\/li>\n<li><span style=\"color: #000;\"><strong>Suaviza y protege<\/strong> la piel con ingredientes antioxidantes.<\/span><\/li>\n<\/ul>\n<p style=\"font-size: 18px; color: #333;\"><strong>Texture:<\/strong> Soft, sensorial gel-lotion, easy to rinse off.<\/p>\n<div style=\"background-color: #d8c4a1; padding: 15px; margin-top: 15px;\">\n<p style=\"font-weight: bold; margin: 0; color: #333; font-size: 18px;\">HOW TO USE:<\/p>\n<div dir=\"ltr\">\n<div dir=\"ltr\">\n<div dir=\"ltr\">\n<p>1. \u00a0Aplic\u00e1 <strong>3 o 4 pulsaciones<\/strong> sobre rostro y cuello h\u00famedo.<\/p>\n<\/div>\n<\/div>\n<\/div>\n<div dir=\"ltr\">\n<div dir=\"ltr\">\n<div dir=\"ltr\">\n<p>2. \u00a0<strong>Masaje\u00e1 suavemente<\/strong> con movimientos circulares, generando espuma por al menos 1 minuto.<\/p>\n<p>3. \u00a0<strong>Retir\u00e1<\/strong> con agua fr\u00eda o tibia.<\/p>\n<p><em>Usalo por las\u00a0ma\u00f1anas y noches.<\/em><\/p>\n<\/div>\n<\/div>\n<\/div>\n<div dir=\"ltr\">\n<div dir=\"ltr\">\n<div dir=\"ltr\">\n<p><strong>Gold Line Tip:<\/strong> Tambi\u00e9n puede usarse como loci\u00f3n de afeitar para una piel suave, hidratada y sin irritaci\u00f3n.<\/p>\n<\/div>\n<\/div>\n<\/div>\n<\/div>\n<p style=\"margin-top: 15px; display: flex; align-items: center; font-size: 18px;\"><strong style=\"margin-right: 8px; color: #333;\">Reviews<\/strong><br \/>\n<span style=\"color: #000; font-size: 18px;\">\u2605\u2605\u2605\u2605\u2605<\/span><\/p>\n<p><strong>INGREDIENTES PRINCIPALES Y BENEFICIOS:<\/strong><\/p>\n<div dir=\"ltr\">\n<div dir=\"ltr\">\n<div dir=\"ltr\">\n<ul>\n<li><strong>Col\u00e1geno vegetal<\/strong><\/li>\n<\/ul>\n<\/div>\n<\/div>\n<\/div>\n<div dir=\"ltr\">\n<div dir=\"ltr\">\n<div dir=\"ltr\">\n<p>-Mejora la elasticidad<\/p>\n<p>-Rellena l\u00edneas finas<\/p>\n<p>-Aumenta la hidrataci\u00f3n y firmeza<\/p>\n<ul>\n<li><strong>Extracto de Ginseng + T\u00e9 Verde<\/strong><\/li>\n<\/ul>\n<p>-Estimulan la microcirculaci\u00f3n<\/p>\n<p>-Desinflaman y calman<\/p>\n<p>-Aportan energ\u00eda celular y efecto antiedad<\/p>\n<ul>\n<li><strong>Glicoprote\u00ednas + Extracto de Orqu\u00eddea<\/strong><\/li>\n<\/ul>\n<p>-Reactivan la piel opaca o cansada<\/p>\n<p>-Mejoran el metabolismo celular<\/p>\n<p>-Protegen y suavizan<\/p>\n<ul>\n<li><strong>Aloe Vera Org\u00e1nico + Rosa Mosqueta + Aguacate<\/strong><\/li>\n<\/ul>\n<p>-Suavizan, calman e hidratan<\/p>\n<p>-Promueven la regeneraci\u00f3n<\/p>\n<\/div>\n<\/div>\n<\/div>\n<div dir=\"ltr\">\n<div dir=\"ltr\">\n<div dir=\"ltr\">\n<p>-Acci\u00f3n antioxidante y restauradora<\/p>\n<p>&nbsp;<\/p>\n<\/div>\n<\/div>\n<\/div>\n<div dir=\"ltr\">\n<div dir=\"ltr\">\n<div dir=\"ltr\">\n<p><em>Calidad certificada y respaldo profesional<\/em><\/p>\n<\/div>\n<\/div>\n<\/div>\n<div dir=\"ltr\">\n<div dir=\"ltr\">\n<div dir=\"ltr\">\n<p><em>Nuestros productos est\u00e1n formulados y fabricados en\u00a0Estados Unidos, con ingredientes aprobados por la\u00a0FDA, garantizando m\u00e1xima eficacia y seguridad para tu piel.<\/em><\/p>\n<\/div>\n<\/div>\n<\/div>\n<div dir=\"ltr\">\n<div dir=\"ltr\">\n<div dir=\"ltr\">\n<p><em>Creado por\u00a0Stephanie Von Lapcevic, cosmet\u00f3loga con m\u00e1s de 17 a\u00f1os en el mundo del cuidado de la piel, desarrolladora de Gold Line: una l\u00ednea basada en resultados visibles y ciencia aplicada al bienestar real de tu piel.<\/em><\/p>\n<\/div>\n<\/div>\n<\/div>","protected":false},"excerpt":{"rendered":"<p><strong>Revitalizing Facial Cleanser<\/strong><\/p>\n<p><strong>Content:<\/strong> 118 ml<\/p>\n<p><strong>Unisex<\/strong><\/p>\n<p><strong>For all skin types<\/strong><\/p>","protected":false},"featured_media":2025,"comment_status":"open","ping_status":"closed","template":"","meta":{"site-sidebar-layout":"default","site-content-layout":"","ast-site-content-layout":"default","site-content-style":"default","site-sidebar-style":"default","ast-global-header-display":"","ast-banner-title-visibility":"","ast-main-header-display":"","ast-hfb-above-header-display":"","ast-hfb-below-header-display":"","ast-hfb-mobile-header-display":"","site-post-title":"","ast-breadcrumbs-content":"","ast-featured-img":"","footer-sml-layout":"","ast-disable-related-posts":"","theme-transparent-header-meta":"default","adv-header-id-meta":"","stick-header-meta":"","header-above-stick-meta":"","header-main-stick-meta":"","header-below-stick-meta":"","astra-migrate-meta-layouts":"set","ast-page-background-enabled":"default","ast-page-background-meta":{"desktop":{"background-color":"var(--ast-global-color-4)","background-image":"","background-repeat":"repeat","background-position":"center center","background-size":"auto","background-attachment":"scroll","background-type":"","background-media":"","overlay-type":"","overlay-color":"","overlay-opacity":"","overlay-gradient":""},"tablet":{"background-color":"","background-image":"","background-repeat":"repeat","background-position":"center center","background-size":"auto","background-attachment":"scroll","background-type":"","background-media":"","overlay-type":"","overlay-color":"","overlay-opacity":"","overlay-gradient":""},"mobile":{"background-color":"","background-image":"","background-repeat":"repeat","background-position":"center center","background-size":"auto","background-attachment":"scroll","background-type":"","background-media":"","overlay-type":"","overlay-color":"","overlay-opacity":"","overlay-gradient":""}},"ast-content-background-meta":{"desktop":{"background-color":"var(--ast-global-color-5)","background-image":"","background-repeat":"repeat","background-position":"center center","background-size":"auto","background-attachment":"scroll","background-type":"","background-media":"","overlay-type":"","overlay-color":"","overlay-opacity":"","overlay-gradient":""},"tablet":{"background-color":"var(--ast-global-color-5)","background-image":"","background-repeat":"repeat","background-position":"center center","background-size":"auto","background-attachment":"scroll","background-type":"","background-media":"","overlay-type":"","overlay-color":"","overlay-opacity":"","overlay-gradient":""},"mobile":{"background-color":"var(--ast-global-color-5)","background-image":"","background-repeat":"repeat","background-position":"center center","background-size":"auto","background-attachment":"scroll","background-type":"","background-media":"","overlay-type":"","overlay-color":"","overlay-opacity":"","overlay-gradient":""}}},"product_brand":[],"product_cat":[23],"product_tag":[],"giftcard-category":[],"class_list":{"0":"post-807","1":"product","2":"type-product","3":"status-publish","4":"has-post-thumbnail","6":"product_cat-limpiador-refrescante","7":"desktop-align-left","8":"tablet-align-left","9":"mobile-align-left","11":"first","12":"instock","13":"sale","14":"taxable","15":"shipping-taxable","16":"purchasable","17":"product-type-simple"},"yoast_head":"<!-- This site is optimized with the Yoast SEO plugin v27.4 - https:\/\/yoast.com\/product\/yoast-seo-wordpress\/ -->\n<title>REFRESH O2 - Stephanie Von Lapcevic<\/title>\n<meta name=\"robots\" content=\"index, follow, max-snippet:-1, max-image-preview:large, max-video-preview:-1\" \/>\n<link rel=\"canonical\" href=\"https:\/\/goldlineskin.com\/en\/product\/refresh\/\" \/>\n<meta property=\"og:locale\" content=\"en_US\" \/>\n<meta property=\"og:type\" content=\"article\" \/>\n<meta property=\"og:title\" content=\"REFRESH O2 - Stephanie Von Lapcevic\" \/>\n<meta property=\"og:description\" content=\"Limpiador facial revitalizante  Contenido: 118 ml  Unisex  Para todo tipo de piel\" \/>\n<meta property=\"og:url\" content=\"https:\/\/goldlineskin.com\/en\/product\/refresh\/\" \/>\n<meta property=\"og:site_name\" content=\"Stephanie Von Lapcevic\" \/>\n<meta property=\"article:publisher\" content=\"https:\/\/www.facebook.com\/stephanieskincaretips\" \/>\n<meta property=\"article:modified_time\" content=\"2025-10-15T17:28:24+00:00\" \/>\n<meta property=\"og:image\" content=\"https:\/\/goldlineskin.com\/wp-content\/uploads\/2023\/09\/PRODUCTOS-06.png\" \/>\n\t<meta property=\"og:image:width\" content=\"1000\" \/>\n\t<meta property=\"og:image:height\" content=\"1000\" \/>\n\t<meta property=\"og:image:type\" content=\"image\/png\" \/>\n<meta name=\"twitter:card\" content=\"summary_large_image\" \/>\n<meta name=\"twitter:label1\" content=\"Est. reading time\" \/>\n\t<meta name=\"twitter:data1\" content=\"2 minutes\" \/>\n<script type=\"application\/ld+json\" class=\"yoast-schema-graph\">{\"@context\":\"https:\\\/\\\/schema.org\",\"@graph\":[{\"@type\":\"WebPage\",\"@id\":\"https:\\\/\\\/goldlineskin.com\\\/producto\\\/refresh\\\/\",\"url\":\"https:\\\/\\\/goldlineskin.com\\\/producto\\\/refresh\\\/\",\"name\":\"REFRESH O2 - Stephanie Von Lapcevic\",\"isPartOf\":{\"@id\":\"https:\\\/\\\/goldlineskin.com\\\/#website\"},\"primaryImageOfPage\":{\"@id\":\"https:\\\/\\\/goldlineskin.com\\\/producto\\\/refresh\\\/#primaryimage\"},\"image\":{\"@id\":\"https:\\\/\\\/goldlineskin.com\\\/producto\\\/refresh\\\/#primaryimage\"},\"thumbnailUrl\":\"https:\\\/\\\/goldlineskin.com\\\/wp-content\\\/uploads\\\/2023\\\/09\\\/PRODUCTOS-06.png\",\"datePublished\":\"2023-09-07T14:06:44+00:00\",\"dateModified\":\"2025-10-15T17:28:24+00:00\",\"breadcrumb\":{\"@id\":\"https:\\\/\\\/goldlineskin.com\\\/producto\\\/refresh\\\/#breadcrumb\"},\"inLanguage\":\"en-US\",\"potentialAction\":[{\"@type\":\"ReadAction\",\"target\":[\"https:\\\/\\\/goldlineskin.com\\\/producto\\\/refresh\\\/\"]}]},{\"@type\":\"ImageObject\",\"inLanguage\":\"en-US\",\"@id\":\"https:\\\/\\\/goldlineskin.com\\\/producto\\\/refresh\\\/#primaryimage\",\"url\":\"https:\\\/\\\/goldlineskin.com\\\/wp-content\\\/uploads\\\/2023\\\/09\\\/PRODUCTOS-06.png\",\"contentUrl\":\"https:\\\/\\\/goldlineskin.com\\\/wp-content\\\/uploads\\\/2023\\\/09\\\/PRODUCTOS-06.png\",\"width\":1000,\"height\":1000},{\"@type\":\"BreadcrumbList\",\"@id\":\"https:\\\/\\\/goldlineskin.com\\\/producto\\\/refresh\\\/#breadcrumb\",\"itemListElement\":[{\"@type\":\"ListItem\",\"position\":1,\"name\":\"Portada\",\"item\":\"https:\\\/\\\/goldlineskin.com\\\/\"},{\"@type\":\"ListItem\",\"position\":2,\"name\":\"Tienda\",\"item\":\"https:\\\/\\\/goldlineskin.com\\\/tienda\\\/\"},{\"@type\":\"ListItem\",\"position\":3,\"name\":\"REFRESH O2\"}]},{\"@type\":\"WebSite\",\"@id\":\"https:\\\/\\\/goldlineskin.com\\\/#website\",\"url\":\"https:\\\/\\\/goldlineskin.com\\\/\",\"name\":\"Stephanie Von Lapcevic\",\"description\":\"Potenci\u00e1 tu belleza\",\"publisher\":{\"@id\":\"https:\\\/\\\/goldlineskin.com\\\/#organization\"},\"potentialAction\":[{\"@type\":\"SearchAction\",\"target\":{\"@type\":\"EntryPoint\",\"urlTemplate\":\"https:\\\/\\\/goldlineskin.com\\\/?s={search_term_string}\"},\"query-input\":{\"@type\":\"PropertyValueSpecification\",\"valueRequired\":true,\"valueName\":\"search_term_string\"}}],\"inLanguage\":\"en-US\"},{\"@type\":\"Organization\",\"@id\":\"https:\\\/\\\/goldlineskin.com\\\/#organization\",\"name\":\"Stephanie Von Lapcevic\",\"url\":\"https:\\\/\\\/goldlineskin.com\\\/\",\"logo\":{\"@type\":\"ImageObject\",\"inLanguage\":\"en-US\",\"@id\":\"https:\\\/\\\/goldlineskin.com\\\/#\\\/schema\\\/logo\\\/image\\\/\",\"url\":\"https:\\\/\\\/goldlineskin.com\\\/wp-content\\\/uploads\\\/2025\\\/07\\\/cropped-GOLDLINE-LOGO-01@4x-scaled-1.png\",\"contentUrl\":\"https:\\\/\\\/goldlineskin.com\\\/wp-content\\\/uploads\\\/2025\\\/07\\\/cropped-GOLDLINE-LOGO-01@4x-scaled-1.png\",\"width\":2557,\"height\":1462,\"caption\":\"Stephanie Von Lapcevic\"},\"image\":{\"@id\":\"https:\\\/\\\/goldlineskin.com\\\/#\\\/schema\\\/logo\\\/image\\\/\"},\"sameAs\":[\"https:\\\/\\\/www.facebook.com\\\/stephanieskincaretips\",\"https:\\\/\\\/www.instagram.com\\\/stephanie_vonlapcevic\\\/\",\"https:\\\/\\\/www.youtube.com\\\/channel\\\/UCkRJ2rDNC92BbYLJWKLqk6w\"]}]}<\/script>\n<!-- \/ Yoast SEO plugin. -->","yoast_head_json":{"title":"REFRESH O2 - Stephanie Von Lapcevic","robots":{"index":"index","follow":"follow","max-snippet":"max-snippet:-1","max-image-preview":"max-image-preview:large","max-video-preview":"max-video-preview:-1"},"canonical":"https:\/\/goldlineskin.com\/en\/product\/refresh\/","og_locale":"en_US","og_type":"article","og_title":"REFRESH O2 - Stephanie Von Lapcevic","og_description":"Limpiador facial revitalizante  Contenido: 118 ml  Unisex  Para todo tipo de piel","og_url":"https:\/\/goldlineskin.com\/en\/product\/refresh\/","og_site_name":"Stephanie Von Lapcevic","article_publisher":"https:\/\/www.facebook.com\/stephanieskincaretips","article_modified_time":"2025-10-15T17:28:24+00:00","og_image":[{"width":1000,"height":1000,"url":"https:\/\/goldlineskin.com\/wp-content\/uploads\/2023\/09\/PRODUCTOS-06.png","type":"image\/png"}],"twitter_card":"summary_large_image","twitter_misc":{"Est. reading time":"2 minutes"},"schema":{"@context":"https:\/\/schema.org","@graph":[{"@type":"WebPage","@id":"https:\/\/goldlineskin.com\/producto\/refresh\/","url":"https:\/\/goldlineskin.com\/producto\/refresh\/","name":"REFRESH O2 - Stephanie Von Lapcevic","isPartOf":{"@id":"https:\/\/goldlineskin.com\/#website"},"primaryImageOfPage":{"@id":"https:\/\/goldlineskin.com\/producto\/refresh\/#primaryimage"},"image":{"@id":"https:\/\/goldlineskin.com\/producto\/refresh\/#primaryimage"},"thumbnailUrl":"https:\/\/goldlineskin.com\/wp-content\/uploads\/2023\/09\/PRODUCTOS-06.png","datePublished":"2023-09-07T14:06:44+00:00","dateModified":"2025-10-15T17:28:24+00:00","breadcrumb":{"@id":"https:\/\/goldlineskin.com\/producto\/refresh\/#breadcrumb"},"inLanguage":"en-US","potentialAction":[{"@type":"ReadAction","target":["https:\/\/goldlineskin.com\/producto\/refresh\/"]}]},{"@type":"ImageObject","inLanguage":"en-US","@id":"https:\/\/goldlineskin.com\/producto\/refresh\/#primaryimage","url":"https:\/\/goldlineskin.com\/wp-content\/uploads\/2023\/09\/PRODUCTOS-06.png","contentUrl":"https:\/\/goldlineskin.com\/wp-content\/uploads\/2023\/09\/PRODUCTOS-06.png","width":1000,"height":1000},{"@type":"BreadcrumbList","@id":"https:\/\/goldlineskin.com\/producto\/refresh\/#breadcrumb","itemListElement":[{"@type":"ListItem","position":1,"name":"Portada","item":"https:\/\/goldlineskin.com\/"},{"@type":"ListItem","position":2,"name":"Tienda","item":"https:\/\/goldlineskin.com\/tienda\/"},{"@type":"ListItem","position":3,"name":"REFRESH O2"}]},{"@type":"WebSite","@id":"https:\/\/goldlineskin.com\/#website","url":"https:\/\/goldlineskin.com\/","name":"Stephanie Von Lapcevic","description":"Potenci\u00e1 tu belleza","publisher":{"@id":"https:\/\/goldlineskin.com\/#organization"},"potentialAction":[{"@type":"SearchAction","target":{"@type":"EntryPoint","urlTemplate":"https:\/\/goldlineskin.com\/?s={search_term_string}"},"query-input":{"@type":"PropertyValueSpecification","valueRequired":true,"valueName":"search_term_string"}}],"inLanguage":"en-US"},{"@type":"Organization","@id":"https:\/\/goldlineskin.com\/#organization","name":"Stephanie Von Lapcevic","url":"https:\/\/goldlineskin.com\/","logo":{"@type":"ImageObject","inLanguage":"en-US","@id":"https:\/\/goldlineskin.com\/#\/schema\/logo\/image\/","url":"https:\/\/goldlineskin.com\/wp-content\/uploads\/2025\/07\/cropped-GOLDLINE-LOGO-01@4x-scaled-1.png","contentUrl":"https:\/\/goldlineskin.com\/wp-content\/uploads\/2025\/07\/cropped-GOLDLINE-LOGO-01@4x-scaled-1.png","width":2557,"height":1462,"caption":"Stephanie Von Lapcevic"},"image":{"@id":"https:\/\/goldlineskin.com\/#\/schema\/logo\/image\/"},"sameAs":["https:\/\/www.facebook.com\/stephanieskincaretips","https:\/\/www.instagram.com\/stephanie_vonlapcevic\/","https:\/\/www.youtube.com\/channel\/UCkRJ2rDNC92BbYLJWKLqk6w"]}]}},"jetpack_sharing_enabled":true,"_links":{"self":[{"href":"https:\/\/goldlineskin.com\/en\/wp-json\/wp\/v2\/product\/807","targetHints":{"allow":["GET"]}}],"collection":[{"href":"https:\/\/goldlineskin.com\/en\/wp-json\/wp\/v2\/product"}],"about":[{"href":"https:\/\/goldlineskin.com\/en\/wp-json\/wp\/v2\/types\/product"}],"replies":[{"embeddable":true,"href":"https:\/\/goldlineskin.com\/en\/wp-json\/wp\/v2\/comments?post=807"}],"wp:featuredmedia":[{"embeddable":true,"href":"https:\/\/goldlineskin.com\/en\/wp-json\/wp\/v2\/media\/2025"}],"wp:attachment":[{"href":"https:\/\/goldlineskin.com\/en\/wp-json\/wp\/v2\/media?parent=807"}],"wp:term":[{"taxonomy":"product_brand","embeddable":true,"href":"https:\/\/goldlineskin.com\/en\/wp-json\/wp\/v2\/product_brand?post=807"},{"taxonomy":"product_cat","embeddable":true,"href":"https:\/\/goldlineskin.com\/en\/wp-json\/wp\/v2\/product_cat?post=807"},{"taxonomy":"product_tag","embeddable":true,"href":"https:\/\/goldlineskin.com\/en\/wp-json\/wp\/v2\/product_tag?post=807"},{"taxonomy":"giftcard-category","embeddable":true,"href":"https:\/\/goldlineskin.com\/en\/wp-json\/wp\/v2\/giftcard-category?post=807"}],"curies":[{"name":"wp","href":"https:\/\/api.w.org\/{rel}","templated":true}]}}