{"id":514,"date":"2020-12-14T16:33:27","date_gmt":"2020-12-14T16:33:27","guid":{"rendered":"https:\/\/goldlineskin.com\/?page_id=514"},"modified":"2023-09-15T14:04:30","modified_gmt":"2023-09-15T14:04:30","slug":"radiofrecuencia-facial","status":"publish","type":"page","link":"https:\/\/goldlineskin.com\/en\/radiofrecuencia-facial\/","title":{"rendered":"FACIAL RADIOFREQUENCY"},"content":{"rendered":"<div data-elementor-type=\"wp-page\" data-elementor-id=\"514\" class=\"elementor elementor-514\">\n\t\t\t\t\t\t<section class=\"elementor-section elementor-top-section elementor-element elementor-element-3373bf41 elementor-section-full_width elementor-section-height-default elementor-section-height-default\" data-id=\"3373bf41\" data-element_type=\"section\" data-e-type=\"section\" data-settings=\"{&quot;background_background&quot;:&quot;classic&quot;}\">\n\t\t\t\t\t\t\t<div class=\"elementor-background-overlay\"><\/div>\n\t\t\t\t\t\t\t<div class=\"elementor-container elementor-column-gap-default\">\n\t\t\t\t\t<div class=\"elementor-column elementor-col-100 elementor-top-column elementor-element elementor-element-4fe6a8c9\" data-id=\"4fe6a8c9\" data-element_type=\"column\" data-e-type=\"column\">\n\t\t\t<div class=\"elementor-widget-wrap elementor-element-populated\">\n\t\t\t\t\t\t<div class=\"elementor-element elementor-element-3d1bdc49 elementor-widget elementor-widget-heading\" data-id=\"3d1bdc49\" data-element_type=\"widget\" data-e-type=\"widget\" data-widget_type=\"heading.default\">\n\t\t\t\t<div class=\"elementor-widget-container\">\n\t\t\t\t\t<h3 class=\"elementor-heading-title elementor-size-default\">FACIAL RADIOFREQUENCY<\/h3>\t\t\t\t<\/div>\n\t\t\t\t<\/div>\n\t\t\t\t\t<\/div>\n\t\t<\/div>\n\t\t\t\t\t<\/div>\n\t\t<\/section>\n\t\t\t\t<section class=\"elementor-section elementor-top-section elementor-element elementor-element-2c8f3e12 elementor-section-full_width elementor-section-stretched elementor-section-height-default elementor-section-height-default\" data-id=\"2c8f3e12\" data-element_type=\"section\" data-e-type=\"section\" data-settings=\"{&quot;stretch_section&quot;:&quot;section-stretched&quot;}\">\n\t\t\t\t\t\t<div class=\"elementor-container elementor-column-gap-default\">\n\t\t\t\t\t<div class=\"elementor-column elementor-col-100 elementor-top-column elementor-element elementor-element-4c7fd5b6\" data-id=\"4c7fd5b6\" data-element_type=\"column\" data-e-type=\"column\">\n\t\t\t<div class=\"elementor-widget-wrap elementor-element-populated\">\n\t\t\t\t\t\t<div class=\"elementor-element elementor-element-98c001d elementor-align-center elementor-widget elementor-widget-elementskit-button\" data-id=\"98c001d\" data-element_type=\"widget\" data-e-type=\"widget\" data-widget_type=\"elementskit-button.default\">\n\t\t\t\t<div class=\"elementor-widget-container\">\n\t\t\t\t\t<div class=\"ekit-wid-con\" >\t\t<div class=\"ekit-btn-wraper\">\n\t\t\t\t\t\t\t<a href=\"https:\/\/stephanievl.com\/#contacto\" class=\"elementskit-btn  whitespace--normal\" id=\"\">\n\t\t\t\t\t<i class=\"far fa-calendar-check\"><\/i>Make Reservation \t\t\t\t<\/a>\n\t\t\t\t\t<\/div>\n        <\/div>\t\t\t\t<\/div>\n\t\t\t\t<\/div>\n\t\t\t\t\t<\/div>\n\t\t<\/div>\n\t\t\t\t\t<\/div>\n\t\t<\/section>\n\t\t\t\t<section class=\"elementor-section elementor-top-section elementor-element elementor-element-7a76057e elementor-section-full_width elementor-section-height-default elementor-section-height-default\" data-id=\"7a76057e\" data-element_type=\"section\" data-e-type=\"section\">\n\t\t\t\t\t\t<div class=\"elementor-container elementor-column-gap-default\">\n\t\t\t\t\t<div class=\"elementor-column elementor-col-50 elementor-top-column elementor-element elementor-element-28275632\" data-id=\"28275632\" data-element_type=\"column\" data-e-type=\"column\" data-settings=\"{&quot;background_background&quot;:&quot;classic&quot;}\">\n\t\t\t<div class=\"elementor-widget-wrap elementor-element-populated\">\n\t\t\t\t\t<div class=\"elementor-background-overlay\"><\/div>\n\t\t\t\t\t\t<div class=\"elementor-element elementor-element-4177c400 elementor-widget elementor-widget-image\" data-id=\"4177c400\" data-element_type=\"widget\" data-e-type=\"widget\" data-widget_type=\"image.default\">\n\t\t\t\t<div class=\"elementor-widget-container\">\n\t\t\t\t\t\t\t\t\t\t\t\t\t\t\t<img fetchpriority=\"high\" decoding=\"async\" width=\"990\" height=\"660\" src=\"https:\/\/goldlineskin.com\/wp-content\/uploads\/2020\/12\/radiofrecuencia-facial-large.jpg\" class=\"attachment-full size-full wp-image-555\" alt=\"\" srcset=\"https:\/\/goldlineskin.com\/wp-content\/uploads\/2020\/12\/radiofrecuencia-facial-large.jpg 990w, https:\/\/goldlineskin.com\/wp-content\/uploads\/2020\/12\/radiofrecuencia-facial-large-600x400.jpg 600w, https:\/\/goldlineskin.com\/wp-content\/uploads\/2020\/12\/radiofrecuencia-facial-large-300x200.jpg 300w, https:\/\/goldlineskin.com\/wp-content\/uploads\/2020\/12\/radiofrecuencia-facial-large-768x512.jpg 768w, https:\/\/goldlineskin.com\/wp-content\/uploads\/2020\/12\/radiofrecuencia-facial-large-750x500.jpg 750w\" sizes=\"(max-width: 990px) 100vw, 990px\" \/>\t\t\t\t\t\t\t\t\t\t\t\t\t\t\t<\/div>\n\t\t\t\t<\/div>\n\t\t\t\t\t<\/div>\n\t\t<\/div>\n\t\t\t\t<div class=\"elementor-column elementor-col-50 elementor-top-column elementor-element elementor-element-1831e18\" data-id=\"1831e18\" data-element_type=\"column\" data-e-type=\"column\">\n\t\t\t<div class=\"elementor-widget-wrap elementor-element-populated\">\n\t\t\t\t\t\t<div class=\"elementor-element elementor-element-6b7ad3c elementor-drop-cap-yes elementor-drop-cap-view-default elementor-invisible elementor-widget elementor-widget-text-editor\" data-id=\"6b7ad3c\" data-element_type=\"widget\" data-e-type=\"widget\" data-settings=\"{&quot;_animation&quot;:&quot;fadeInUp&quot;,&quot;_animation_delay&quot;:700,&quot;drop_cap&quot;:&quot;yes&quot;}\" data-widget_type=\"text-editor.default\">\n\t\t\t\t<div class=\"elementor-widget-container\">\n\t\t\t\t\t\t\t\t\t<p class=\"text-dark\">It is a non-invasive technique. They are electromagnetic waves that act by heat, when they come into contact with the skin, they heat the tissue deeply and gently, reaching the dermis, causing tissue contraction.<\/p><p class=\"text-dark\">Accelerates all metabolic processes, stimulates the regeneration and rejuvenation of skin cells. Activates fibroblasts, the cells responsible for producing collagen and elastin. Provides instant visible lifting, long-lasting rejuvenation and face lifting, lifting effect. Giving your skin a young and healthy glow.<\/p><p class=\"text-dark\">Radiofrequency (RF) is used to treat laxity by tightening the skin. The overall result is smoother, brighter skin and a significant reduction in wrinkles and expression lines. The results are noticeable immediately and are even more so in the weeks after the treatment, since the accumulation of collagen stimulates skin contraction.<\/p><p class=\"text-dark\">What can we expect with this treatment?<\/p><ul><li>Reverse premature aging.<\/li><li>Tone.<\/li><li>Provides luminosity.<\/li><li>Activates blood circulation.<\/li><li>Fight sagging.<\/li><li>Reduces double chin.<\/li><\/ul>\t\t\t\t\t\t\t\t<\/div>\n\t\t\t\t<\/div>\n\t\t\t\t\t<\/div>\n\t\t<\/div>\n\t\t\t\t\t<\/div>\n\t\t<\/section>\n\t\t\t\t<section class=\"elementor-section elementor-top-section elementor-element elementor-element-669fab20 elementor-section-boxed elementor-section-height-default elementor-section-height-default\" data-id=\"669fab20\" data-element_type=\"section\" data-e-type=\"section\">\n\t\t\t\t\t\t<div class=\"elementor-container elementor-column-gap-default\">\n\t\t\t\t\t<div class=\"elementor-column elementor-col-50 elementor-top-column elementor-element elementor-element-79218eb3\" data-id=\"79218eb3\" data-element_type=\"column\" data-e-type=\"column\">\n\t\t\t<div class=\"elementor-widget-wrap elementor-element-populated\">\n\t\t\t\t\t\t<div class=\"elementor-element elementor-element-4c9a4600 elementor-widget elementor-widget-image\" data-id=\"4c9a4600\" data-element_type=\"widget\" data-e-type=\"widget\" data-widget_type=\"image.default\">\n\t\t\t\t<div class=\"elementor-widget-container\">\n\t\t\t\t\t\t\t\t\t\t\t\t\t\t\t\t<a href=\"#\">\n\t\t\t\t\t\t\t<img decoding=\"async\" width=\"100\" height=\"100\" src=\"https:\/\/goldlineskin.com\/wp-content\/uploads\/2020\/10\/logo-1-e1604277824173.png\" class=\"attachment-full size-full wp-image-92\" alt=\"\" \/>\t\t\t\t\t\t\t\t<\/a>\n\t\t\t\t\t\t\t\t\t\t\t\t\t\t\t<\/div>\n\t\t\t\t<\/div>\n\t\t\t\t<div class=\"elementor-element elementor-element-5637aead elementor-widget elementor-widget-text-editor\" data-id=\"5637aead\" data-element_type=\"widget\" data-e-type=\"widget\" data-widget_type=\"text-editor.default\">\n\t\t\t\t<div class=\"elementor-widget-container\">\n\t\t\t\t\t\t\t\t\t<p>Potencia tu belleza<\/p>\t\t\t\t\t\t\t\t<\/div>\n\t\t\t\t<\/div>\n\t\t\t\t<div class=\"elementor-element elementor-element-4021874e elementor-widget elementor-widget-elementskit-social-media\" data-id=\"4021874e\" data-element_type=\"widget\" data-e-type=\"widget\" data-widget_type=\"elementskit-social-media.default\">\n\t\t\t\t<div class=\"elementor-widget-container\">\n\t\t\t\t\t<div class=\"ekit-wid-con\" >\t\t\t <ul class=\"ekit_social_media\">\n\t\t\t\t\t\t\t\t\t\t\t\t\t\t<li class=\"elementor-repeater-item-13aa10b\">\n\t\t\t\t\t    <a\n\t\t\t\t\t\thref=\"https:\/\/www.facebook.com\/stephanieskincaretips\" aria-label=\"Facebook\" class=\"f\" >\n\t\t\t\t\t\t\t\n\t\t\t\t\t\t\t<i aria-hidden=\"true\" class=\"fab fa-facebook-f\"><\/i>\n                                                                                                            <\/a>\n                    <\/li>\n                    \t\t\t\t\t\t\t\t\t\t\t\t\t\t<li class=\"elementor-repeater-item-25674ad\">\n\t\t\t\t\t    <a\n\t\t\t\t\t\thref=\"https:\/\/www.instagram.com\/stephanie_vonlapcevic\/\" aria-label=\"instagram\" class=\"instagram\" >\n\t\t\t\t\t\t\t\n\t\t\t\t\t\t\t<i aria-hidden=\"true\" class=\"fab fa-instagram\"><\/i>\n                                                                                                            <\/a>\n                    <\/li>\n                    \t\t\t\t\t\t\t<\/ul>\n\t\t<\/div>\t\t\t\t<\/div>\n\t\t\t\t<\/div>\n\t\t\t\t\t<\/div>\n\t\t<\/div>\n\t\t\t\t<div class=\"elementor-column elementor-col-50 elementor-top-column elementor-element elementor-element-6aea36c4\" data-id=\"6aea36c4\" data-element_type=\"column\" data-e-type=\"column\">\n\t\t\t<div class=\"elementor-widget-wrap elementor-element-populated\">\n\t\t\t\t\t\t<div class=\"elementor-element elementor-element-53c228b5 elementor-widget elementor-widget-heading\" data-id=\"53c228b5\" data-element_type=\"widget\" data-e-type=\"widget\" data-widget_type=\"heading.default\">\n\t\t\t\t<div class=\"elementor-widget-container\">\n\t\t\t\t\t<h5 class=\"elementor-heading-title elementor-size-default\">Contact<\/h5>\t\t\t\t<\/div>\n\t\t\t\t<\/div>\n\t\t\t\t<div class=\"elementor-element elementor-element-2db220d8 elementor-mobile-align-center elementor-icon-list--layout-traditional elementor-list-item-link-full_width elementor-widget elementor-widget-icon-list\" data-id=\"2db220d8\" data-element_type=\"widget\" data-e-type=\"widget\" data-widget_type=\"icon-list.default\">\n\t\t\t\t<div class=\"elementor-widget-container\">\n\t\t\t\t\t\t\t<ul class=\"elementor-icon-list-items\">\n\t\t\t\t\t\t\t<li class=\"elementor-icon-list-item\">\n\t\t\t\t\t\t\t\t\t\t\t<span class=\"elementor-icon-list-icon\">\n\t\t\t\t\t\t\t<i aria-hidden=\"true\" class=\"icon icon-map-marker1\"><\/i>\t\t\t\t\t\t<\/span>\n\t\t\t\t\t\t\t\t\t\t<span class=\"elementor-icon-list-text\">Miami, Florida<\/span>\n\t\t\t\t\t\t\t\t\t<\/li>\n\t\t\t\t\t\t\t\t<li class=\"elementor-icon-list-item\">\n\t\t\t\t\t\t\t\t\t\t\t<a href=\"#\">\n\n\t\t\t\t\t\t\t\t\t\t\t\t<span class=\"elementor-icon-list-icon\">\n\t\t\t\t\t\t\t<i aria-hidden=\"true\" class=\"icon icon-envelope11\"><\/i>\t\t\t\t\t\t<\/span>\n\t\t\t\t\t\t\t\t\t\t<span class=\"elementor-icon-list-text\">contacto@goldlineskin.com<\/span>\n\t\t\t\t\t\t\t\t\t\t\t<\/a>\n\t\t\t\t\t\t\t\t\t<\/li>\n\t\t\t\t\t\t\t\t<li class=\"elementor-icon-list-item\">\n\t\t\t\t\t\t\t\t\t\t\t<span class=\"elementor-icon-list-icon\">\n\t\t\t\t\t\t\t<i aria-hidden=\"true\" class=\"icon icon-phone-call2\"><\/i>\t\t\t\t\t\t<\/span>\n\t\t\t\t\t\t\t\t\t\t<span class=\"elementor-icon-list-text\">+1 (786) 218-4626<\/span>\n\t\t\t\t\t\t\t\t\t<\/li>\n\t\t\t\t\t\t<\/ul>\n\t\t\t\t\t\t<\/div>\n\t\t\t\t<\/div>\n\t\t\t\t\t<\/div>\n\t\t<\/div>\n\t\t\t\t\t<\/div>\n\t\t<\/section>\n\t\t\t\t<\/div>","protected":false},"excerpt":{"rendered":"<p>RADIOFRECUENCIA FACIAL Realizar Reserva Es una t\u00e9cnica no invasiva. Son ondas electromagn\u00e9ticas que act\u00faan por calor, al entrar en contacto con la piel, calienta los tejido de manera profunda y suave, llegando hasta la dermis, provocando la contracci\u00f3n del tejido. Acelera todos los procesos metab\u00f3licos, estimula la regeneraci\u00f3n y el rejuvenecimiento de las c\u00e9lulas de [&hellip;]<\/p>\n","protected":false},"author":2,"featured_media":0,"parent":0,"menu_order":0,"comment_status":"closed","ping_status":"closed","template":"elementor_header_footer","meta":{"site-sidebar-layout":"default","site-content-layout":"","ast-site-content-layout":"default","site-content-style":"default","site-sidebar-style":"default","ast-global-header-display":"","ast-banner-title-visibility":"","ast-main-header-display":"","ast-hfb-above-header-display":"","ast-hfb-below-header-display":"","ast-hfb-mobile-header-display":"","site-post-title":"","ast-breadcrumbs-content":"","ast-featured-img":"","footer-sml-layout":"","ast-disable-related-posts":"","theme-transparent-header-meta":"","adv-header-id-meta":"","stick-header-meta":"","header-above-stick-meta":"","header-main-stick-meta":"","header-below-stick-meta":"","astra-migrate-meta-layouts":"default","ast-page-background-enabled":"default","ast-page-background-meta":{"desktop":{"background-color":"var(--ast-global-color-4)","background-image":"","background-repeat":"repeat","background-position":"center center","background-size":"auto","background-attachment":"scroll","background-type":"","background-media":"","overlay-type":"","overlay-color":"","overlay-opacity":"","overlay-gradient":""},"tablet":{"background-color":"","background-image":"","background-repeat":"repeat","background-position":"center center","background-size":"auto","background-attachment":"scroll","background-type":"","background-media":"","overlay-type":"","overlay-color":"","overlay-opacity":"","overlay-gradient":""},"mobile":{"background-color":"","background-image":"","background-repeat":"repeat","background-position":"center center","background-size":"auto","background-attachment":"scroll","background-type":"","background-media":"","overlay-type":"","overlay-color":"","overlay-opacity":"","overlay-gradient":""}},"ast-content-background-meta":{"desktop":{"background-color":"var(--ast-global-color-5)","background-image":"","background-repeat":"repeat","background-position":"center center","background-size":"auto","background-attachment":"scroll","background-type":"","background-media":"","overlay-type":"","overlay-color":"","overlay-opacity":"","overlay-gradient":""},"tablet":{"background-color":"var(--ast-global-color-5)","background-image":"","background-repeat":"repeat","background-position":"center center","background-size":"auto","background-attachment":"scroll","background-type":"","background-media":"","overlay-type":"","overlay-color":"","overlay-opacity":"","overlay-gradient":""},"mobile":{"background-color":"var(--ast-global-color-5)","background-image":"","background-repeat":"repeat","background-position":"center center","background-size":"auto","background-attachment":"scroll","background-type":"","background-media":"","overlay-type":"","overlay-color":"","overlay-opacity":"","overlay-gradient":""}},"footnotes":""},"class_list":["post-514","page","type-page","status-publish","hentry"],"yoast_head":"<!-- This site is optimized with the Yoast SEO plugin v27.4 - https:\/\/yoast.com\/product\/yoast-seo-wordpress\/ -->\n<title>RADIOFRECUENCIA FACIAL - Stephanie Von Lapcevic<\/title>\n<meta name=\"robots\" content=\"index, follow, max-snippet:-1, max-image-preview:large, max-video-preview:-1\" \/>\n<link rel=\"canonical\" href=\"https:\/\/goldlineskin.com\/en\/radiofrecuencia-facial\/\" \/>\n<meta property=\"og:locale\" content=\"en_US\" \/>\n<meta property=\"og:type\" content=\"article\" \/>\n<meta property=\"og:title\" content=\"RADIOFRECUENCIA FACIAL - Stephanie Von Lapcevic\" \/>\n<meta property=\"og:description\" content=\"RADIOFRECUENCIA FACIAL Realizar Reserva Es una t\u00e9cnica no invasiva. Son ondas electromagn\u00e9ticas que act\u00faan por calor, al entrar en contacto con la piel, calienta los tejido de manera profunda y suave, llegando hasta la dermis, provocando la contracci\u00f3n del tejido. Acelera todos los procesos metab\u00f3licos, estimula la regeneraci\u00f3n y el rejuvenecimiento de las c\u00e9lulas de [&hellip;]\" \/>\n<meta property=\"og:url\" content=\"https:\/\/goldlineskin.com\/en\/radiofrecuencia-facial\/\" \/>\n<meta property=\"og:site_name\" content=\"Stephanie Von Lapcevic\" \/>\n<meta property=\"article:publisher\" content=\"https:\/\/www.facebook.com\/stephanieskincaretips\" \/>\n<meta property=\"article:modified_time\" content=\"2023-09-15T14:04:30+00:00\" \/>\n<meta property=\"og:image\" content=\"https:\/\/goldlineskin.com\/wp-content\/uploads\/2020\/12\/radiofrecuencia-facial-large.jpg\" \/>\n<meta name=\"twitter:card\" content=\"summary_large_image\" \/>\n<meta name=\"twitter:label1\" content=\"Est. reading time\" \/>\n\t<meta name=\"twitter:data1\" content=\"1 minute\" \/>\n<script type=\"application\/ld+json\" class=\"yoast-schema-graph\">{\"@context\":\"https:\\\/\\\/schema.org\",\"@graph\":[{\"@type\":\"WebPage\",\"@id\":\"https:\\\/\\\/goldlineskin.com\\\/radiofrecuencia-facial\\\/\",\"url\":\"https:\\\/\\\/goldlineskin.com\\\/radiofrecuencia-facial\\\/\",\"name\":\"RADIOFRECUENCIA FACIAL - Stephanie Von Lapcevic\",\"isPartOf\":{\"@id\":\"https:\\\/\\\/goldlineskin.com\\\/#website\"},\"primaryImageOfPage\":{\"@id\":\"https:\\\/\\\/goldlineskin.com\\\/radiofrecuencia-facial\\\/#primaryimage\"},\"image\":{\"@id\":\"https:\\\/\\\/goldlineskin.com\\\/radiofrecuencia-facial\\\/#primaryimage\"},\"thumbnailUrl\":\"https:\\\/\\\/goldlineskin.com\\\/wp-content\\\/uploads\\\/2020\\\/12\\\/radiofrecuencia-facial-large.jpg\",\"datePublished\":\"2020-12-14T16:33:27+00:00\",\"dateModified\":\"2023-09-15T14:04:30+00:00\",\"breadcrumb\":{\"@id\":\"https:\\\/\\\/goldlineskin.com\\\/radiofrecuencia-facial\\\/#breadcrumb\"},\"inLanguage\":\"en-US\",\"potentialAction\":[{\"@type\":\"ReadAction\",\"target\":[\"https:\\\/\\\/goldlineskin.com\\\/radiofrecuencia-facial\\\/\"]}]},{\"@type\":\"ImageObject\",\"inLanguage\":\"en-US\",\"@id\":\"https:\\\/\\\/goldlineskin.com\\\/radiofrecuencia-facial\\\/#primaryimage\",\"url\":\"https:\\\/\\\/goldlineskin.com\\\/wp-content\\\/uploads\\\/2020\\\/12\\\/radiofrecuencia-facial-large.jpg\",\"contentUrl\":\"https:\\\/\\\/goldlineskin.com\\\/wp-content\\\/uploads\\\/2020\\\/12\\\/radiofrecuencia-facial-large.jpg\"},{\"@type\":\"BreadcrumbList\",\"@id\":\"https:\\\/\\\/goldlineskin.com\\\/radiofrecuencia-facial\\\/#breadcrumb\",\"itemListElement\":[{\"@type\":\"ListItem\",\"position\":1,\"name\":\"Portada\",\"item\":\"https:\\\/\\\/goldlineskin.com\\\/\"},{\"@type\":\"ListItem\",\"position\":2,\"name\":\"RADIOFRECUENCIA FACIAL\"}]},{\"@type\":\"WebSite\",\"@id\":\"https:\\\/\\\/goldlineskin.com\\\/#website\",\"url\":\"https:\\\/\\\/goldlineskin.com\\\/\",\"name\":\"Stephanie Von Lapcevic\",\"description\":\"Potenci\u00e1 tu belleza\",\"publisher\":{\"@id\":\"https:\\\/\\\/goldlineskin.com\\\/#organization\"},\"potentialAction\":[{\"@type\":\"SearchAction\",\"target\":{\"@type\":\"EntryPoint\",\"urlTemplate\":\"https:\\\/\\\/goldlineskin.com\\\/?s={search_term_string}\"},\"query-input\":{\"@type\":\"PropertyValueSpecification\",\"valueRequired\":true,\"valueName\":\"search_term_string\"}}],\"inLanguage\":\"en-US\"},{\"@type\":\"Organization\",\"@id\":\"https:\\\/\\\/goldlineskin.com\\\/#organization\",\"name\":\"Stephanie Von Lapcevic\",\"url\":\"https:\\\/\\\/goldlineskin.com\\\/\",\"logo\":{\"@type\":\"ImageObject\",\"inLanguage\":\"en-US\",\"@id\":\"https:\\\/\\\/goldlineskin.com\\\/#\\\/schema\\\/logo\\\/image\\\/\",\"url\":\"https:\\\/\\\/goldlineskin.com\\\/wp-content\\\/uploads\\\/2025\\\/07\\\/cropped-GOLDLINE-LOGO-01@4x-scaled-1.png\",\"contentUrl\":\"https:\\\/\\\/goldlineskin.com\\\/wp-content\\\/uploads\\\/2025\\\/07\\\/cropped-GOLDLINE-LOGO-01@4x-scaled-1.png\",\"width\":2557,\"height\":1462,\"caption\":\"Stephanie Von Lapcevic\"},\"image\":{\"@id\":\"https:\\\/\\\/goldlineskin.com\\\/#\\\/schema\\\/logo\\\/image\\\/\"},\"sameAs\":[\"https:\\\/\\\/www.facebook.com\\\/stephanieskincaretips\",\"https:\\\/\\\/www.instagram.com\\\/stephanie_vonlapcevic\\\/\",\"https:\\\/\\\/www.youtube.com\\\/channel\\\/UCkRJ2rDNC92BbYLJWKLqk6w\"]}]}<\/script>\n<!-- \/ Yoast SEO plugin. -->","yoast_head_json":{"title":"RADIOFRECUENCIA FACIAL - Stephanie Von Lapcevic","robots":{"index":"index","follow":"follow","max-snippet":"max-snippet:-1","max-image-preview":"max-image-preview:large","max-video-preview":"max-video-preview:-1"},"canonical":"https:\/\/goldlineskin.com\/en\/radiofrecuencia-facial\/","og_locale":"en_US","og_type":"article","og_title":"RADIOFRECUENCIA FACIAL - Stephanie Von Lapcevic","og_description":"RADIOFRECUENCIA FACIAL Realizar Reserva Es una t\u00e9cnica no invasiva. Son ondas electromagn\u00e9ticas que act\u00faan por calor, al entrar en contacto con la piel, calienta los tejido de manera profunda y suave, llegando hasta la dermis, provocando la contracci\u00f3n del tejido. Acelera todos los procesos metab\u00f3licos, estimula la regeneraci\u00f3n y el rejuvenecimiento de las c\u00e9lulas de [&hellip;]","og_url":"https:\/\/goldlineskin.com\/en\/radiofrecuencia-facial\/","og_site_name":"Stephanie Von Lapcevic","article_publisher":"https:\/\/www.facebook.com\/stephanieskincaretips","article_modified_time":"2023-09-15T14:04:30+00:00","og_image":[{"url":"https:\/\/goldlineskin.com\/wp-content\/uploads\/2020\/12\/radiofrecuencia-facial-large.jpg","type":"","width":"","height":""}],"twitter_card":"summary_large_image","twitter_misc":{"Est. reading time":"1 minute"},"schema":{"@context":"https:\/\/schema.org","@graph":[{"@type":"WebPage","@id":"https:\/\/goldlineskin.com\/radiofrecuencia-facial\/","url":"https:\/\/goldlineskin.com\/radiofrecuencia-facial\/","name":"RADIOFRECUENCIA FACIAL - Stephanie Von Lapcevic","isPartOf":{"@id":"https:\/\/goldlineskin.com\/#website"},"primaryImageOfPage":{"@id":"https:\/\/goldlineskin.com\/radiofrecuencia-facial\/#primaryimage"},"image":{"@id":"https:\/\/goldlineskin.com\/radiofrecuencia-facial\/#primaryimage"},"thumbnailUrl":"https:\/\/goldlineskin.com\/wp-content\/uploads\/2020\/12\/radiofrecuencia-facial-large.jpg","datePublished":"2020-12-14T16:33:27+00:00","dateModified":"2023-09-15T14:04:30+00:00","breadcrumb":{"@id":"https:\/\/goldlineskin.com\/radiofrecuencia-facial\/#breadcrumb"},"inLanguage":"en-US","potentialAction":[{"@type":"ReadAction","target":["https:\/\/goldlineskin.com\/radiofrecuencia-facial\/"]}]},{"@type":"ImageObject","inLanguage":"en-US","@id":"https:\/\/goldlineskin.com\/radiofrecuencia-facial\/#primaryimage","url":"https:\/\/goldlineskin.com\/wp-content\/uploads\/2020\/12\/radiofrecuencia-facial-large.jpg","contentUrl":"https:\/\/goldlineskin.com\/wp-content\/uploads\/2020\/12\/radiofrecuencia-facial-large.jpg"},{"@type":"BreadcrumbList","@id":"https:\/\/goldlineskin.com\/radiofrecuencia-facial\/#breadcrumb","itemListElement":[{"@type":"ListItem","position":1,"name":"Portada","item":"https:\/\/goldlineskin.com\/"},{"@type":"ListItem","position":2,"name":"RADIOFRECUENCIA FACIAL"}]},{"@type":"WebSite","@id":"https:\/\/goldlineskin.com\/#website","url":"https:\/\/goldlineskin.com\/","name":"Stephanie Von Lapcevic","description":"Potenci\u00e1 tu belleza","publisher":{"@id":"https:\/\/goldlineskin.com\/#organization"},"potentialAction":[{"@type":"SearchAction","target":{"@type":"EntryPoint","urlTemplate":"https:\/\/goldlineskin.com\/?s={search_term_string}"},"query-input":{"@type":"PropertyValueSpecification","valueRequired":true,"valueName":"search_term_string"}}],"inLanguage":"en-US"},{"@type":"Organization","@id":"https:\/\/goldlineskin.com\/#organization","name":"Stephanie Von Lapcevic","url":"https:\/\/goldlineskin.com\/","logo":{"@type":"ImageObject","inLanguage":"en-US","@id":"https:\/\/goldlineskin.com\/#\/schema\/logo\/image\/","url":"https:\/\/goldlineskin.com\/wp-content\/uploads\/2025\/07\/cropped-GOLDLINE-LOGO-01@4x-scaled-1.png","contentUrl":"https:\/\/goldlineskin.com\/wp-content\/uploads\/2025\/07\/cropped-GOLDLINE-LOGO-01@4x-scaled-1.png","width":2557,"height":1462,"caption":"Stephanie Von Lapcevic"},"image":{"@id":"https:\/\/goldlineskin.com\/#\/schema\/logo\/image\/"},"sameAs":["https:\/\/www.facebook.com\/stephanieskincaretips","https:\/\/www.instagram.com\/stephanie_vonlapcevic\/","https:\/\/www.youtube.com\/channel\/UCkRJ2rDNC92BbYLJWKLqk6w"]}]}},"jetpack_sharing_enabled":true,"_links":{"self":[{"href":"https:\/\/goldlineskin.com\/en\/wp-json\/wp\/v2\/pages\/514","targetHints":{"allow":["GET"]}}],"collection":[{"href":"https:\/\/goldlineskin.com\/en\/wp-json\/wp\/v2\/pages"}],"about":[{"href":"https:\/\/goldlineskin.com\/en\/wp-json\/wp\/v2\/types\/page"}],"author":[{"embeddable":true,"href":"https:\/\/goldlineskin.com\/en\/wp-json\/wp\/v2\/users\/2"}],"replies":[{"embeddable":true,"href":"https:\/\/goldlineskin.com\/en\/wp-json\/wp\/v2\/comments?post=514"}],"version-history":[{"count":5,"href":"https:\/\/goldlineskin.com\/en\/wp-json\/wp\/v2\/pages\/514\/revisions"}],"predecessor-version":[{"id":1304,"href":"https:\/\/goldlineskin.com\/en\/wp-json\/wp\/v2\/pages\/514\/revisions\/1304"}],"wp:attachment":[{"href":"https:\/\/goldlineskin.com\/en\/wp-json\/wp\/v2\/media?parent=514"}],"curies":[{"name":"wp","href":"https:\/\/api.w.org\/{rel}","templated":true}]}}