{"id":510,"date":"2020-12-14T16:31:54","date_gmt":"2020-12-14T16:31:54","guid":{"rendered":"https:\/\/goldlineskin.com\/?page_id=510"},"modified":"2023-09-15T14:03:06","modified_gmt":"2023-09-15T14:03:06","slug":"oxigenoterapia-facial","status":"publish","type":"page","link":"https:\/\/goldlineskin.com\/en\/oxigenoterapia-facial\/","title":{"rendered":"FACIAL OXYGEN THERAPY"},"content":{"rendered":"<div data-elementor-type=\"wp-page\" data-elementor-id=\"510\" class=\"elementor elementor-510\">\n\t\t\t\t\t\t<section class=\"elementor-section elementor-top-section elementor-element elementor-element-3a831b7e elementor-section-full_width elementor-section-height-default elementor-section-height-default\" data-id=\"3a831b7e\" data-element_type=\"section\" data-e-type=\"section\" data-settings=\"{&quot;background_background&quot;:&quot;classic&quot;}\">\n\t\t\t\t\t\t\t<div class=\"elementor-background-overlay\"><\/div>\n\t\t\t\t\t\t\t<div class=\"elementor-container elementor-column-gap-default\">\n\t\t\t\t\t<div class=\"elementor-column elementor-col-100 elementor-top-column elementor-element elementor-element-679e5b82\" data-id=\"679e5b82\" data-element_type=\"column\" data-e-type=\"column\">\n\t\t\t<div class=\"elementor-widget-wrap elementor-element-populated\">\n\t\t\t\t\t\t<div class=\"elementor-element elementor-element-10f30df8 elementor-widget elementor-widget-heading\" data-id=\"10f30df8\" data-element_type=\"widget\" data-e-type=\"widget\" data-widget_type=\"heading.default\">\n\t\t\t\t<div class=\"elementor-widget-container\">\n\t\t\t\t\t<h3 class=\"elementor-heading-title elementor-size-default\">FACIAL OXYGEN THERAPY<\/h3>\t\t\t\t<\/div>\n\t\t\t\t<\/div>\n\t\t\t\t\t<\/div>\n\t\t<\/div>\n\t\t\t\t\t<\/div>\n\t\t<\/section>\n\t\t\t\t<section class=\"elementor-section elementor-top-section elementor-element elementor-element-5bebd8aa elementor-section-full_width elementor-section-stretched elementor-section-height-default elementor-section-height-default\" data-id=\"5bebd8aa\" data-element_type=\"section\" data-e-type=\"section\" data-settings=\"{&quot;stretch_section&quot;:&quot;section-stretched&quot;}\">\n\t\t\t\t\t\t<div class=\"elementor-container elementor-column-gap-default\">\n\t\t\t\t\t<div class=\"elementor-column elementor-col-100 elementor-top-column elementor-element elementor-element-76a2135f\" data-id=\"76a2135f\" data-element_type=\"column\" data-e-type=\"column\">\n\t\t\t<div class=\"elementor-widget-wrap elementor-element-populated\">\n\t\t\t\t\t\t<div class=\"elementor-element elementor-element-19bdc4fd elementor-align-center elementor-widget elementor-widget-elementskit-button\" data-id=\"19bdc4fd\" data-element_type=\"widget\" data-e-type=\"widget\" data-widget_type=\"elementskit-button.default\">\n\t\t\t\t<div class=\"elementor-widget-container\">\n\t\t\t\t\t<div class=\"ekit-wid-con\" >\t\t<div class=\"ekit-btn-wraper\">\n\t\t\t\t\t\t\t<a href=\"https:\/\/stephanievl.com\/#contacto\" class=\"elementskit-btn  whitespace--normal\" id=\"\">\n\t\t\t\t\t<i class=\"far fa-calendar-check\"><\/i>Make Reservation \t\t\t\t<\/a>\n\t\t\t\t\t<\/div>\n        <\/div>\t\t\t\t<\/div>\n\t\t\t\t<\/div>\n\t\t\t\t\t<\/div>\n\t\t<\/div>\n\t\t\t\t\t<\/div>\n\t\t<\/section>\n\t\t\t\t<section class=\"elementor-section elementor-top-section elementor-element elementor-element-4921dbff elementor-section-full_width elementor-section-height-default elementor-section-height-default\" data-id=\"4921dbff\" data-element_type=\"section\" data-e-type=\"section\">\n\t\t\t\t\t\t<div class=\"elementor-container elementor-column-gap-default\">\n\t\t\t\t\t<div class=\"elementor-column elementor-col-50 elementor-top-column elementor-element elementor-element-4d879313\" data-id=\"4d879313\" data-element_type=\"column\" data-e-type=\"column\" data-settings=\"{&quot;background_background&quot;:&quot;classic&quot;}\">\n\t\t\t<div class=\"elementor-widget-wrap elementor-element-populated\">\n\t\t\t\t\t<div class=\"elementor-background-overlay\"><\/div>\n\t\t\t\t\t\t<div class=\"elementor-element elementor-element-b86079d elementor-widget elementor-widget-image\" data-id=\"b86079d\" data-element_type=\"widget\" data-e-type=\"widget\" data-widget_type=\"image.default\">\n\t\t\t\t<div class=\"elementor-widget-container\">\n\t\t\t\t\t\t\t\t\t\t\t\t\t\t\t<img fetchpriority=\"high\" decoding=\"async\" width=\"600\" height=\"333\" src=\"https:\/\/goldlineskin.com\/wp-content\/uploads\/2020\/12\/oxigenoterapia-mujer-600x333-1.jpg\" class=\"attachment-full size-full wp-image-546\" alt=\"\" srcset=\"https:\/\/goldlineskin.com\/wp-content\/uploads\/2020\/12\/oxigenoterapia-mujer-600x333-1.jpg 600w, https:\/\/goldlineskin.com\/wp-content\/uploads\/2020\/12\/oxigenoterapia-mujer-600x333-1-555x308.jpg 555w, https:\/\/goldlineskin.com\/wp-content\/uploads\/2020\/12\/oxigenoterapia-mujer-600x333-1-300x167.jpg 300w\" sizes=\"(max-width: 600px) 100vw, 600px\" \/>\t\t\t\t\t\t\t\t\t\t\t\t\t\t\t<\/div>\n\t\t\t\t<\/div>\n\t\t\t\t\t<\/div>\n\t\t<\/div>\n\t\t\t\t<div class=\"elementor-column elementor-col-50 elementor-top-column elementor-element elementor-element-629df7cb\" data-id=\"629df7cb\" data-element_type=\"column\" data-e-type=\"column\">\n\t\t\t<div class=\"elementor-widget-wrap elementor-element-populated\">\n\t\t\t\t\t\t<div class=\"elementor-element elementor-element-6c0639cc elementor-drop-cap-yes elementor-drop-cap-view-default elementor-invisible elementor-widget elementor-widget-text-editor\" data-id=\"6c0639cc\" data-element_type=\"widget\" data-e-type=\"widget\" data-settings=\"{&quot;_animation&quot;:&quot;fadeInUp&quot;,&quot;_animation_delay&quot;:700,&quot;drop_cap&quot;:&quot;yes&quot;}\" data-widget_type=\"text-editor.default\">\n\t\t\t\t<div class=\"elementor-widget-container\">\n\t\t\t\t\t\t\t\t\t<p class=\"text-dark\">It is a technique that is revolutionizing the cosmetics market, if we talk about hydration and rejuvenation.<\/p><p class=\"text-dark\">This treatment uses hyperbaric therapeutic grade oxygen, delivered with a special spray gun; Where a serum is cocktailed, according to the type of skin and its condition, rich in hyaluronic acid, peptides (Collagen, elastin, etc.) and vitamins. If you are looking to show off hydrated, luminous and healthy skin for any special occasion, this is without a doubt the treatment you are looking for.<\/p><p class=\"text-dark\">Benefits: The powerful flow of oxygen and serums that combine activates lymphatic drainage, accelerates blood circulation and reduces inflammation, thus improving skin tone, strengthening blood vessels and rejuvenating the complexion. In addition to the fresh and relaxing sensation you will experience.<\/p><p class=\"text-dark\">Oxygen infusion is the best rehabilitation for all skin types, but especially for residents of large cities and office workers. It is perfect for couperose skin as it oxygenates and nourishes.<\/p>\t\t\t\t\t\t\t\t<\/div>\n\t\t\t\t<\/div>\n\t\t\t\t\t<\/div>\n\t\t<\/div>\n\t\t\t\t\t<\/div>\n\t\t<\/section>\n\t\t\t\t<section class=\"elementor-section elementor-top-section elementor-element elementor-element-55fd53bc elementor-section-boxed elementor-section-height-default elementor-section-height-default\" data-id=\"55fd53bc\" data-element_type=\"section\" data-e-type=\"section\">\n\t\t\t\t\t\t<div class=\"elementor-container elementor-column-gap-default\">\n\t\t\t\t\t<div class=\"elementor-column elementor-col-50 elementor-top-column elementor-element elementor-element-77f01e86\" data-id=\"77f01e86\" data-element_type=\"column\" data-e-type=\"column\">\n\t\t\t<div class=\"elementor-widget-wrap elementor-element-populated\">\n\t\t\t\t\t\t<div class=\"elementor-element elementor-element-9cd61c6 elementor-widget elementor-widget-image\" data-id=\"9cd61c6\" data-element_type=\"widget\" data-e-type=\"widget\" data-widget_type=\"image.default\">\n\t\t\t\t<div class=\"elementor-widget-container\">\n\t\t\t\t\t\t\t\t\t\t\t\t\t\t\t\t<a href=\"#\">\n\t\t\t\t\t\t\t<img decoding=\"async\" width=\"100\" height=\"100\" src=\"https:\/\/goldlineskin.com\/wp-content\/uploads\/2020\/10\/logo-1-e1604277824173.png\" class=\"attachment-full size-full wp-image-92\" alt=\"\" \/>\t\t\t\t\t\t\t\t<\/a>\n\t\t\t\t\t\t\t\t\t\t\t\t\t\t\t<\/div>\n\t\t\t\t<\/div>\n\t\t\t\t<div class=\"elementor-element elementor-element-2884e891 elementor-widget elementor-widget-text-editor\" data-id=\"2884e891\" data-element_type=\"widget\" data-e-type=\"widget\" data-widget_type=\"text-editor.default\">\n\t\t\t\t<div class=\"elementor-widget-container\">\n\t\t\t\t\t\t\t\t\t<p>Potencia tu belleza<\/p>\t\t\t\t\t\t\t\t<\/div>\n\t\t\t\t<\/div>\n\t\t\t\t<div class=\"elementor-element elementor-element-784dc91c elementor-widget elementor-widget-elementskit-social-media\" data-id=\"784dc91c\" data-element_type=\"widget\" data-e-type=\"widget\" data-widget_type=\"elementskit-social-media.default\">\n\t\t\t\t<div class=\"elementor-widget-container\">\n\t\t\t\t\t<div class=\"ekit-wid-con\" >\t\t\t <ul class=\"ekit_social_media\">\n\t\t\t\t\t\t\t\t\t\t\t\t\t\t<li class=\"elementor-repeater-item-13aa10b\">\n\t\t\t\t\t    <a\n\t\t\t\t\t\thref=\"https:\/\/www.facebook.com\/stephanieskincaretips\" aria-label=\"Facebook\" class=\"f\" >\n\t\t\t\t\t\t\t\n\t\t\t\t\t\t\t<i aria-hidden=\"true\" class=\"fab fa-facebook-f\"><\/i>\n                                                                                                            <\/a>\n                    <\/li>\n                    \t\t\t\t\t\t\t\t\t\t\t\t\t\t<li class=\"elementor-repeater-item-25674ad\">\n\t\t\t\t\t    <a\n\t\t\t\t\t\thref=\"https:\/\/www.instagram.com\/stephanie_vonlapcevic\/\" aria-label=\"instagram\" class=\"instagram\" >\n\t\t\t\t\t\t\t\n\t\t\t\t\t\t\t<i aria-hidden=\"true\" class=\"fab fa-instagram\"><\/i>\n                                                                                                            <\/a>\n                    <\/li>\n                    \t\t\t\t\t\t\t<\/ul>\n\t\t<\/div>\t\t\t\t<\/div>\n\t\t\t\t<\/div>\n\t\t\t\t\t<\/div>\n\t\t<\/div>\n\t\t\t\t<div class=\"elementor-column elementor-col-50 elementor-top-column elementor-element elementor-element-5f55f3c0\" data-id=\"5f55f3c0\" data-element_type=\"column\" data-e-type=\"column\">\n\t\t\t<div class=\"elementor-widget-wrap elementor-element-populated\">\n\t\t\t\t\t\t<div class=\"elementor-element elementor-element-739957dc elementor-widget elementor-widget-heading\" data-id=\"739957dc\" data-element_type=\"widget\" data-e-type=\"widget\" data-widget_type=\"heading.default\">\n\t\t\t\t<div class=\"elementor-widget-container\">\n\t\t\t\t\t<h5 class=\"elementor-heading-title elementor-size-default\">Contact<\/h5>\t\t\t\t<\/div>\n\t\t\t\t<\/div>\n\t\t\t\t<div class=\"elementor-element elementor-element-7aafbd50 elementor-mobile-align-center elementor-icon-list--layout-traditional elementor-list-item-link-full_width elementor-widget elementor-widget-icon-list\" data-id=\"7aafbd50\" data-element_type=\"widget\" data-e-type=\"widget\" data-widget_type=\"icon-list.default\">\n\t\t\t\t<div class=\"elementor-widget-container\">\n\t\t\t\t\t\t\t<ul class=\"elementor-icon-list-items\">\n\t\t\t\t\t\t\t<li class=\"elementor-icon-list-item\">\n\t\t\t\t\t\t\t\t\t\t\t<span class=\"elementor-icon-list-icon\">\n\t\t\t\t\t\t\t<i aria-hidden=\"true\" class=\"icon icon-map-marker1\"><\/i>\t\t\t\t\t\t<\/span>\n\t\t\t\t\t\t\t\t\t\t<span class=\"elementor-icon-list-text\">Miami, Florida<\/span>\n\t\t\t\t\t\t\t\t\t<\/li>\n\t\t\t\t\t\t\t\t<li class=\"elementor-icon-list-item\">\n\t\t\t\t\t\t\t\t\t\t\t<a href=\"#\">\n\n\t\t\t\t\t\t\t\t\t\t\t\t<span class=\"elementor-icon-list-icon\">\n\t\t\t\t\t\t\t<i aria-hidden=\"true\" class=\"icon icon-envelope11\"><\/i>\t\t\t\t\t\t<\/span>\n\t\t\t\t\t\t\t\t\t\t<span class=\"elementor-icon-list-text\">contacto@goldlineskin.com<\/span>\n\t\t\t\t\t\t\t\t\t\t\t<\/a>\n\t\t\t\t\t\t\t\t\t<\/li>\n\t\t\t\t\t\t\t\t<li class=\"elementor-icon-list-item\">\n\t\t\t\t\t\t\t\t\t\t\t<span class=\"elementor-icon-list-icon\">\n\t\t\t\t\t\t\t<i aria-hidden=\"true\" class=\"icon icon-phone-call2\"><\/i>\t\t\t\t\t\t<\/span>\n\t\t\t\t\t\t\t\t\t\t<span class=\"elementor-icon-list-text\">+1 (786) 218-4626<\/span>\n\t\t\t\t\t\t\t\t\t<\/li>\n\t\t\t\t\t\t<\/ul>\n\t\t\t\t\t\t<\/div>\n\t\t\t\t<\/div>\n\t\t\t\t\t<\/div>\n\t\t<\/div>\n\t\t\t\t\t<\/div>\n\t\t<\/section>\n\t\t\t\t<\/div>","protected":false},"excerpt":{"rendered":"<p>OXIGENOTERAPIA FACIAL Realizar Reserva Es una t\u00e9cnica que est\u00e1 revolucionando es mercado cosmetol\u00f3gico, si de hidrataci\u00f3n y rejuvenecimiento hablamos. Este tratamiento utiliza ox\u00edgeno de grado terap\u00e9utico hiperb\u00e1rico, suministrado con una pistola pulverizadora especial; Donde se cocteliza un suero, de acuerdo al tipo de piel y su condici\u00f3n, rico en \u00e1cido hialur\u00f3nico, p\u00e9pticos (Col\u00e1geno, elastina, etc) [&hellip;]<\/p>\n","protected":false},"author":2,"featured_media":0,"parent":0,"menu_order":0,"comment_status":"closed","ping_status":"closed","template":"elementor_header_footer","meta":{"site-sidebar-layout":"default","site-content-layout":"","ast-site-content-layout":"default","site-content-style":"default","site-sidebar-style":"default","ast-global-header-display":"","ast-banner-title-visibility":"","ast-main-header-display":"","ast-hfb-above-header-display":"","ast-hfb-below-header-display":"","ast-hfb-mobile-header-display":"","site-post-title":"","ast-breadcrumbs-content":"","ast-featured-img":"","footer-sml-layout":"","ast-disable-related-posts":"","theme-transparent-header-meta":"","adv-header-id-meta":"","stick-header-meta":"","header-above-stick-meta":"","header-main-stick-meta":"","header-below-stick-meta":"","astra-migrate-meta-layouts":"default","ast-page-background-enabled":"default","ast-page-background-meta":{"desktop":{"background-color":"var(--ast-global-color-4)","background-image":"","background-repeat":"repeat","background-position":"center center","background-size":"auto","background-attachment":"scroll","background-type":"","background-media":"","overlay-type":"","overlay-color":"","overlay-opacity":"","overlay-gradient":""},"tablet":{"background-color":"","background-image":"","background-repeat":"repeat","background-position":"center center","background-size":"auto","background-attachment":"scroll","background-type":"","background-media":"","overlay-type":"","overlay-color":"","overlay-opacity":"","overlay-gradient":""},"mobile":{"background-color":"","background-image":"","background-repeat":"repeat","background-position":"center center","background-size":"auto","background-attachment":"scroll","background-type":"","background-media":"","overlay-type":"","overlay-color":"","overlay-opacity":"","overlay-gradient":""}},"ast-content-background-meta":{"desktop":{"background-color":"var(--ast-global-color-5)","background-image":"","background-repeat":"repeat","background-position":"center center","background-size":"auto","background-attachment":"scroll","background-type":"","background-media":"","overlay-type":"","overlay-color":"","overlay-opacity":"","overlay-gradient":""},"tablet":{"background-color":"var(--ast-global-color-5)","background-image":"","background-repeat":"repeat","background-position":"center center","background-size":"auto","background-attachment":"scroll","background-type":"","background-media":"","overlay-type":"","overlay-color":"","overlay-opacity":"","overlay-gradient":""},"mobile":{"background-color":"var(--ast-global-color-5)","background-image":"","background-repeat":"repeat","background-position":"center center","background-size":"auto","background-attachment":"scroll","background-type":"","background-media":"","overlay-type":"","overlay-color":"","overlay-opacity":"","overlay-gradient":""}},"footnotes":""},"class_list":["post-510","page","type-page","status-publish","hentry"],"yoast_head":"<!-- This site is optimized with the Yoast SEO plugin v27.4 - https:\/\/yoast.com\/product\/yoast-seo-wordpress\/ -->\n<title>OXIGENOTERAPIA FACIAL - Stephanie Von Lapcevic<\/title>\n<meta name=\"robots\" content=\"index, follow, max-snippet:-1, max-image-preview:large, max-video-preview:-1\" \/>\n<link rel=\"canonical\" href=\"https:\/\/goldlineskin.com\/en\/oxigenoterapia-facial\/\" \/>\n<meta property=\"og:locale\" content=\"en_US\" \/>\n<meta property=\"og:type\" content=\"article\" \/>\n<meta property=\"og:title\" content=\"OXIGENOTERAPIA FACIAL - Stephanie Von Lapcevic\" \/>\n<meta property=\"og:description\" content=\"OXIGENOTERAPIA FACIAL Realizar Reserva Es una t\u00e9cnica que est\u00e1 revolucionando es mercado cosmetol\u00f3gico, si de hidrataci\u00f3n y rejuvenecimiento hablamos. Este tratamiento utiliza ox\u00edgeno de grado terap\u00e9utico hiperb\u00e1rico, suministrado con una pistola pulverizadora especial; Donde se cocteliza un suero, de acuerdo al tipo de piel y su condici\u00f3n, rico en \u00e1cido hialur\u00f3nico, p\u00e9pticos (Col\u00e1geno, elastina, etc) [&hellip;]\" \/>\n<meta property=\"og:url\" content=\"https:\/\/goldlineskin.com\/en\/oxigenoterapia-facial\/\" \/>\n<meta property=\"og:site_name\" content=\"Stephanie Von Lapcevic\" \/>\n<meta property=\"article:publisher\" content=\"https:\/\/www.facebook.com\/stephanieskincaretips\" \/>\n<meta property=\"article:modified_time\" content=\"2023-09-15T14:03:06+00:00\" \/>\n<meta property=\"og:image\" content=\"https:\/\/goldlineskin.com\/wp-content\/uploads\/2020\/12\/oxigenoterapia-mujer-600x333-1.jpg\" \/>\n<meta name=\"twitter:card\" content=\"summary_large_image\" \/>\n<meta name=\"twitter:label1\" content=\"Est. reading time\" \/>\n\t<meta name=\"twitter:data1\" content=\"1 minute\" \/>\n<script type=\"application\/ld+json\" class=\"yoast-schema-graph\">{\"@context\":\"https:\\\/\\\/schema.org\",\"@graph\":[{\"@type\":\"WebPage\",\"@id\":\"https:\\\/\\\/goldlineskin.com\\\/oxigenoterapia-facial\\\/\",\"url\":\"https:\\\/\\\/goldlineskin.com\\\/oxigenoterapia-facial\\\/\",\"name\":\"OXIGENOTERAPIA FACIAL - Stephanie Von Lapcevic\",\"isPartOf\":{\"@id\":\"https:\\\/\\\/goldlineskin.com\\\/#website\"},\"primaryImageOfPage\":{\"@id\":\"https:\\\/\\\/goldlineskin.com\\\/oxigenoterapia-facial\\\/#primaryimage\"},\"image\":{\"@id\":\"https:\\\/\\\/goldlineskin.com\\\/oxigenoterapia-facial\\\/#primaryimage\"},\"thumbnailUrl\":\"https:\\\/\\\/goldlineskin.com\\\/wp-content\\\/uploads\\\/2020\\\/12\\\/oxigenoterapia-mujer-600x333-1.jpg\",\"datePublished\":\"2020-12-14T16:31:54+00:00\",\"dateModified\":\"2023-09-15T14:03:06+00:00\",\"breadcrumb\":{\"@id\":\"https:\\\/\\\/goldlineskin.com\\\/oxigenoterapia-facial\\\/#breadcrumb\"},\"inLanguage\":\"en-US\",\"potentialAction\":[{\"@type\":\"ReadAction\",\"target\":[\"https:\\\/\\\/goldlineskin.com\\\/oxigenoterapia-facial\\\/\"]}]},{\"@type\":\"ImageObject\",\"inLanguage\":\"en-US\",\"@id\":\"https:\\\/\\\/goldlineskin.com\\\/oxigenoterapia-facial\\\/#primaryimage\",\"url\":\"https:\\\/\\\/goldlineskin.com\\\/wp-content\\\/uploads\\\/2020\\\/12\\\/oxigenoterapia-mujer-600x333-1.jpg\",\"contentUrl\":\"https:\\\/\\\/goldlineskin.com\\\/wp-content\\\/uploads\\\/2020\\\/12\\\/oxigenoterapia-mujer-600x333-1.jpg\"},{\"@type\":\"BreadcrumbList\",\"@id\":\"https:\\\/\\\/goldlineskin.com\\\/oxigenoterapia-facial\\\/#breadcrumb\",\"itemListElement\":[{\"@type\":\"ListItem\",\"position\":1,\"name\":\"Portada\",\"item\":\"https:\\\/\\\/goldlineskin.com\\\/\"},{\"@type\":\"ListItem\",\"position\":2,\"name\":\"OXIGENOTERAPIA FACIAL\"}]},{\"@type\":\"WebSite\",\"@id\":\"https:\\\/\\\/goldlineskin.com\\\/#website\",\"url\":\"https:\\\/\\\/goldlineskin.com\\\/\",\"name\":\"Stephanie Von Lapcevic\",\"description\":\"Potenci\u00e1 tu belleza\",\"publisher\":{\"@id\":\"https:\\\/\\\/goldlineskin.com\\\/#organization\"},\"potentialAction\":[{\"@type\":\"SearchAction\",\"target\":{\"@type\":\"EntryPoint\",\"urlTemplate\":\"https:\\\/\\\/goldlineskin.com\\\/?s={search_term_string}\"},\"query-input\":{\"@type\":\"PropertyValueSpecification\",\"valueRequired\":true,\"valueName\":\"search_term_string\"}}],\"inLanguage\":\"en-US\"},{\"@type\":\"Organization\",\"@id\":\"https:\\\/\\\/goldlineskin.com\\\/#organization\",\"name\":\"Stephanie Von Lapcevic\",\"url\":\"https:\\\/\\\/goldlineskin.com\\\/\",\"logo\":{\"@type\":\"ImageObject\",\"inLanguage\":\"en-US\",\"@id\":\"https:\\\/\\\/goldlineskin.com\\\/#\\\/schema\\\/logo\\\/image\\\/\",\"url\":\"https:\\\/\\\/goldlineskin.com\\\/wp-content\\\/uploads\\\/2025\\\/07\\\/cropped-GOLDLINE-LOGO-01@4x-scaled-1.png\",\"contentUrl\":\"https:\\\/\\\/goldlineskin.com\\\/wp-content\\\/uploads\\\/2025\\\/07\\\/cropped-GOLDLINE-LOGO-01@4x-scaled-1.png\",\"width\":2557,\"height\":1462,\"caption\":\"Stephanie Von Lapcevic\"},\"image\":{\"@id\":\"https:\\\/\\\/goldlineskin.com\\\/#\\\/schema\\\/logo\\\/image\\\/\"},\"sameAs\":[\"https:\\\/\\\/www.facebook.com\\\/stephanieskincaretips\",\"https:\\\/\\\/www.instagram.com\\\/stephanie_vonlapcevic\\\/\",\"https:\\\/\\\/www.youtube.com\\\/channel\\\/UCkRJ2rDNC92BbYLJWKLqk6w\"]}]}<\/script>\n<!-- \/ Yoast SEO plugin. -->","yoast_head_json":{"title":"OXIGENOTERAPIA FACIAL - Stephanie Von Lapcevic","robots":{"index":"index","follow":"follow","max-snippet":"max-snippet:-1","max-image-preview":"max-image-preview:large","max-video-preview":"max-video-preview:-1"},"canonical":"https:\/\/goldlineskin.com\/en\/oxigenoterapia-facial\/","og_locale":"en_US","og_type":"article","og_title":"OXIGENOTERAPIA FACIAL - Stephanie Von Lapcevic","og_description":"OXIGENOTERAPIA FACIAL Realizar Reserva Es una t\u00e9cnica que est\u00e1 revolucionando es mercado cosmetol\u00f3gico, si de hidrataci\u00f3n y rejuvenecimiento hablamos. Este tratamiento utiliza ox\u00edgeno de grado terap\u00e9utico hiperb\u00e1rico, suministrado con una pistola pulverizadora especial; Donde se cocteliza un suero, de acuerdo al tipo de piel y su condici\u00f3n, rico en \u00e1cido hialur\u00f3nico, p\u00e9pticos (Col\u00e1geno, elastina, etc) [&hellip;]","og_url":"https:\/\/goldlineskin.com\/en\/oxigenoterapia-facial\/","og_site_name":"Stephanie Von Lapcevic","article_publisher":"https:\/\/www.facebook.com\/stephanieskincaretips","article_modified_time":"2023-09-15T14:03:06+00:00","og_image":[{"url":"https:\/\/goldlineskin.com\/wp-content\/uploads\/2020\/12\/oxigenoterapia-mujer-600x333-1.jpg","type":"","width":"","height":""}],"twitter_card":"summary_large_image","twitter_misc":{"Est. reading time":"1 minute"},"schema":{"@context":"https:\/\/schema.org","@graph":[{"@type":"WebPage","@id":"https:\/\/goldlineskin.com\/oxigenoterapia-facial\/","url":"https:\/\/goldlineskin.com\/oxigenoterapia-facial\/","name":"OXIGENOTERAPIA FACIAL - Stephanie Von Lapcevic","isPartOf":{"@id":"https:\/\/goldlineskin.com\/#website"},"primaryImageOfPage":{"@id":"https:\/\/goldlineskin.com\/oxigenoterapia-facial\/#primaryimage"},"image":{"@id":"https:\/\/goldlineskin.com\/oxigenoterapia-facial\/#primaryimage"},"thumbnailUrl":"https:\/\/goldlineskin.com\/wp-content\/uploads\/2020\/12\/oxigenoterapia-mujer-600x333-1.jpg","datePublished":"2020-12-14T16:31:54+00:00","dateModified":"2023-09-15T14:03:06+00:00","breadcrumb":{"@id":"https:\/\/goldlineskin.com\/oxigenoterapia-facial\/#breadcrumb"},"inLanguage":"en-US","potentialAction":[{"@type":"ReadAction","target":["https:\/\/goldlineskin.com\/oxigenoterapia-facial\/"]}]},{"@type":"ImageObject","inLanguage":"en-US","@id":"https:\/\/goldlineskin.com\/oxigenoterapia-facial\/#primaryimage","url":"https:\/\/goldlineskin.com\/wp-content\/uploads\/2020\/12\/oxigenoterapia-mujer-600x333-1.jpg","contentUrl":"https:\/\/goldlineskin.com\/wp-content\/uploads\/2020\/12\/oxigenoterapia-mujer-600x333-1.jpg"},{"@type":"BreadcrumbList","@id":"https:\/\/goldlineskin.com\/oxigenoterapia-facial\/#breadcrumb","itemListElement":[{"@type":"ListItem","position":1,"name":"Portada","item":"https:\/\/goldlineskin.com\/"},{"@type":"ListItem","position":2,"name":"OXIGENOTERAPIA FACIAL"}]},{"@type":"WebSite","@id":"https:\/\/goldlineskin.com\/#website","url":"https:\/\/goldlineskin.com\/","name":"Stephanie Von Lapcevic","description":"Potenci\u00e1 tu belleza","publisher":{"@id":"https:\/\/goldlineskin.com\/#organization"},"potentialAction":[{"@type":"SearchAction","target":{"@type":"EntryPoint","urlTemplate":"https:\/\/goldlineskin.com\/?s={search_term_string}"},"query-input":{"@type":"PropertyValueSpecification","valueRequired":true,"valueName":"search_term_string"}}],"inLanguage":"en-US"},{"@type":"Organization","@id":"https:\/\/goldlineskin.com\/#organization","name":"Stephanie Von Lapcevic","url":"https:\/\/goldlineskin.com\/","logo":{"@type":"ImageObject","inLanguage":"en-US","@id":"https:\/\/goldlineskin.com\/#\/schema\/logo\/image\/","url":"https:\/\/goldlineskin.com\/wp-content\/uploads\/2025\/07\/cropped-GOLDLINE-LOGO-01@4x-scaled-1.png","contentUrl":"https:\/\/goldlineskin.com\/wp-content\/uploads\/2025\/07\/cropped-GOLDLINE-LOGO-01@4x-scaled-1.png","width":2557,"height":1462,"caption":"Stephanie Von Lapcevic"},"image":{"@id":"https:\/\/goldlineskin.com\/#\/schema\/logo\/image\/"},"sameAs":["https:\/\/www.facebook.com\/stephanieskincaretips","https:\/\/www.instagram.com\/stephanie_vonlapcevic\/","https:\/\/www.youtube.com\/channel\/UCkRJ2rDNC92BbYLJWKLqk6w"]}]}},"jetpack_sharing_enabled":true,"_links":{"self":[{"href":"https:\/\/goldlineskin.com\/en\/wp-json\/wp\/v2\/pages\/510","targetHints":{"allow":["GET"]}}],"collection":[{"href":"https:\/\/goldlineskin.com\/en\/wp-json\/wp\/v2\/pages"}],"about":[{"href":"https:\/\/goldlineskin.com\/en\/wp-json\/wp\/v2\/types\/page"}],"author":[{"embeddable":true,"href":"https:\/\/goldlineskin.com\/en\/wp-json\/wp\/v2\/users\/2"}],"replies":[{"embeddable":true,"href":"https:\/\/goldlineskin.com\/en\/wp-json\/wp\/v2\/comments?post=510"}],"version-history":[{"count":5,"href":"https:\/\/goldlineskin.com\/en\/wp-json\/wp\/v2\/pages\/510\/revisions"}],"predecessor-version":[{"id":1301,"href":"https:\/\/goldlineskin.com\/en\/wp-json\/wp\/v2\/pages\/510\/revisions\/1301"}],"wp:attachment":[{"href":"https:\/\/goldlineskin.com\/en\/wp-json\/wp\/v2\/media?parent=510"}],"curies":[{"name":"wp","href":"https:\/\/api.w.org\/{rel}","templated":true}]}}